{"id":1107,"date":"2025-03-26T09:23:52","date_gmt":"2025-03-26T13:23:52","guid":{"rendered":"https:\/\/multishopsistemas.com\/?page_id=1107"},"modified":"2025-04-01T12:16:01","modified_gmt":"2025-04-01T16:16:01","slug":"homologacion","status":"publish","type":"page","link":"https:\/\/multishopsistemas.com\/index.php\/homologacion\/","title":{"rendered":"Homologaci\u00f3n"},"content":{"rendered":"\n\t<section class=\"section dark\" id=\"section_1182352046\">\n\t\t<div class=\"section-bg fill\" >\n\t\t\t<img fetchpriority=\"high\" decoding=\"async\" width=\"1254\" height=\"940\" src=\"https:\/\/multishopsistemas.com\/wp-content\/uploads\/2025\/04\/trusted-data-marketplaces-copy-4.jpg\" class=\"bg attachment-original size-original\" alt=\"\" \/>\t\t\t\t\t\t<div class=\"section-bg-overlay absolute fill\"><\/div>\n\t\t\t\n\n\t\t<\/div>\n\n\t\t\n\n\t\t<div class=\"section-content relative\">\n\t\t\t\n<div class=\"row align-center\"  id=\"row-1559566993\">\n\n\t<div id=\"col-260239934\" class=\"col medium-6 small-12 large-6\"  >\n\t\t\t\t<div class=\"col-inner text-center\"  >\n\t\t\t\n\t\t\t\n<h2>Recomendaciones para nuestros clientes<\/h2>\n<ul>\n<li style=\"text-align: left;\">Comun\u00edquese con su proveedor de facturaci\u00f3n y confirme si el sistema est\u00e1 en proceso de homologaci\u00f3n y qu\u00e9 pasos debe seguir.<\/li>\n<li style=\"text-align: left;\">Eval\u00fae su sistema actual y verifique si cumple con los requisitos o si necesita actualizarlo.<\/li>\n<li style=\"text-align: left;\">Capacite a su personal y aseg\u00farese de que los usuarios est\u00e9n informados sobre el uso del sistema y la normativa vigente.<\/li>\n<li style=\"text-align: left;\">Monitoree los comunicados del SENIAT y Mant\u00e9ngase al tanto de cambios o actualizaciones.<\/li>\n<li style=\"text-align: left;\">Analice sus vol\u00famenes de facturaci\u00f3n y considere lo previsto en la P.A. 000171 para seleccionar la opci\u00f3n m\u00e1s adecuada.<\/li>\n<li style=\"text-align: left;\">Consulte con un especialista ante sus dudas, se recomienda realizar una consulta jur\u00eddica tributaria ante el SENIAT.<\/li>\n<\/ul>\n<p>Ingresa los datos y presiona el bot\u00f3n descargar estatus<\/p>\n<div class=\"is-divider divider clearfix\" ><\/div>\n<div class=\"row\"  id=\"row-2008392579\">\n\n\t<div id=\"col-932239776\" class=\"col small-12 large-12\"  >\n\t\t\t\t<div class=\"col-inner text-center\" style=\"background-color:rgba(0, 0, 0, 0.297);\" >\n\t\t\t\n\t\t\t\n\t<div id=\"text-1196252455\" class=\"text\">\n\t\t\n<h3>Ingresa los datos y presiona el bot\u00f3n descargar estatus<\/h3>\n\t\t\n<style>\n#text-1196252455 {\n  text-align: center;\n}\n<\/style>\n\t<\/div>\n\t\n\n<div class=\"wpcf7 no-js\" id=\"wpcf7-f1121-o1\" lang=\"es-VE\" dir=\"ltr\" data-wpcf7-id=\"1121\">\n<div class=\"screen-reader-response\"><p role=\"status\" aria-live=\"polite\" aria-atomic=\"true\"><\/p> <ul><\/ul><\/div>\n<form action=\"\/index.php\/wp-json\/wp\/v2\/pages\/1107#wpcf7-f1121-o1\" method=\"post\" class=\"wpcf7-form init\" aria-label=\"Formulario de contacto\" novalidate=\"novalidate\" data-status=\"init\">\n<fieldset class=\"hidden-fields-container\"><input type=\"hidden\" name=\"_wpcf7\" value=\"1121\" \/><input type=\"hidden\" name=\"_wpcf7_version\" value=\"6.1.1\" \/><input type=\"hidden\" name=\"_wpcf7_locale\" value=\"es_VE\" \/><input type=\"hidden\" name=\"_wpcf7_unit_tag\" value=\"wpcf7-f1121-o1\" \/><input type=\"hidden\" name=\"_wpcf7_container_post\" value=\"0\" \/><input type=\"hidden\" name=\"_wpcf7_posted_data_hash\" value=\"\" \/>\n<\/fieldset>\n<p><label> Nombre de la Empresa<br \/>\n<span class=\"wpcf7-form-control-wrap\" data-name=\"your-name\"><input size=\"40\" maxlength=\"400\" class=\"wpcf7-form-control wpcf7-text wpcf7-validates-as-required\" aria-required=\"true\" aria-invalid=\"false\" value=\"\" type=\"text\" name=\"your-name\" \/><\/span> <\/label>\n<\/p>\n<p><label> Rif de Validaci\u00f3n de Licencia<br \/>\n<span class=\"wpcf7-form-control-wrap\" data-name=\"your-subject\"><input size=\"40\" maxlength=\"400\" class=\"wpcf7-form-control wpcf7-text wpcf7-validates-as-required\" aria-required=\"true\" aria-invalid=\"false\" value=\"\" type=\"text\" name=\"your-subject\" \/><\/span> <\/label>\n<\/p>\n<p><input class=\"wpcf7-form-control wpcf7-submit has-spinner\" type=\"submit\" value=\"Descargar Estatus\" \/>\n<\/p><input type='hidden' class='wpcf7-pum' value='{\"closepopup\":false,\"closedelay\":0,\"openpopup\":false,\"openpopup_id\":0}' \/><div class=\"wpcf7-response-output\" aria-hidden=\"true\"><\/div>\n<\/form>\n<\/div>\n\n\t\t<\/div>\n\t\t\t\t\n<style>\n#col-932239776 > .col-inner {\n  padding: 20px 20px 20px 20px;\n  border-radius: 46px;\n}\n<\/style>\n\t<\/div>\n\n\t\n<\/div>\n\t\t<\/div>\n\t\t\t\t\t<\/div>\n\n\t\n\n<style>\n#row-1559566993 > .col > .col-inner {\n  padding: 150px 0px 0px 0px;\n}\n<\/style>\n<\/div>\n\t\t<\/div>\n\n\t\t\n<style>\n#section_1182352046 {\n  padding-top: 30px;\n  padding-bottom: 30px;\n  min-height: 550px;\n  background-color: rgb(0, 0, 0);\n}\n#section_1182352046 .section-bg-overlay {\n  background-color: rgba(0, 0, 0, 0);\n}\n#section_1182352046 .section-bg img {\n  object-position: 14% 7%;\n}\n<\/style>\n\t<\/section>\n\t\n","protected":false},"excerpt":{"rendered":"","protected":false},"author":1,"featured_media":0,"parent":0,"menu_order":0,"comment_status":"closed","ping_status":"closed","template":"page-transparent-header.php","meta":{"footnotes":""},"class_list":["post-1107","page","type-page","status-publish","hentry"],"_links":{"self":[{"href":"https:\/\/multishopsistemas.com\/index.php\/wp-json\/wp\/v2\/pages\/1107","targetHints":{"allow":["GET"]}}],"collection":[{"href":"https:\/\/multishopsistemas.com\/index.php\/wp-json\/wp\/v2\/pages"}],"about":[{"href":"https:\/\/multishopsistemas.com\/index.php\/wp-json\/wp\/v2\/types\/page"}],"author":[{"embeddable":true,"href":"https:\/\/multishopsistemas.com\/index.php\/wp-json\/wp\/v2\/users\/1"}],"replies":[{"embeddable":true,"href":"https:\/\/multishopsistemas.com\/index.php\/wp-json\/wp\/v2\/comments?post=1107"}],"version-history":[{"count":24,"href":"https:\/\/multishopsistemas.com\/index.php\/wp-json\/wp\/v2\/pages\/1107\/revisions"}],"predecessor-version":[{"id":1218,"href":"https:\/\/multishopsistemas.com\/index.php\/wp-json\/wp\/v2\/pages\/1107\/revisions\/1218"}],"wp:attachment":[{"href":"https:\/\/multishopsistemas.com\/index.php\/wp-json\/wp\/v2\/media?parent=1107"}],"curies":[{"name":"wp","href":"https:\/\/api.w.org\/{rel}","templated":true}]}}